{"id":74,"date":"2014-04-16T12:13:08","date_gmt":"2014-04-16T10:13:08","guid":{"rendered":"http:\/\/gospodarkaodpadami.dukla.pl\/?page_id=74"},"modified":"2026-03-25T09:33:49","modified_gmt":"2026-03-25T08:33:49","slug":"platnosci","status":"publish","type":"page","link":"https:\/\/gospodarkaodpadami.dukla.pl\/?page_id=74","title":{"rendered":"P\u0142atno\u015bci"},"content":{"rendered":"<h1 style=\"text-align: center;\"><span style=\"color: #008000;\"><b>Cennik op\u0142at za odpady komunalne <\/b><\/span><\/h1>\n<h1 style=\"text-align: center;\"><span style=\"color: #008000;\"><b>z nieruchomo\u015bci zamieszka\u0142ych.<\/b><\/span><\/h1>\n<p style=\"text-align: center;\">Zgodnie z uchwa\u0142\u0105\u00a0NR XXVII\/190\/20 RADY MIEJSKIEJ W DUKLI z dnia 25 czerwca 2020 r. w sprawie ustalenia stawki op\u0142aty za gospodarowanie odpadami komunalnymi\u00a0zosta\u0142a zmieniona stawka za odpady komunalne.<\/p>\n<p><strong>Obowi\u0105zuj\u0105ca stawka od 1 sierpnia 2020 r. to:<\/strong><br \/>\n24 z\u0142, a przy\u00a0 posiadaniu kompostownika 22 z\u0142.<\/p>\n<p style=\"text-align: justify;\">W przypadku op\u0142at za odbi\u00f3r odpad\u00f3w komunalnych <b>nie b\u0119d\u0105 <\/b>do mieszka\u0144c\u00f3w wysy\u0142ane faktury\/rachunki.<\/p>\n<p style=\"text-align: justify;\">Ka\u017cdy w\u0142a\u015bciciel nieruchomo\u015bci <b>bez wezwania <\/b>dokonuje wp\u0142aty, zgodnie z kwot\u0105 okre\u015blon\u0105 w deklaracji, decyzji administracyjnej wydanej przez Burmistrza Dukli, w przypadku nie z\u0142o\u017cenia deklaracji.<\/p>\n<h4 align=\"center\"><b>Terminy p\u0142atno\u015bci w 2026 r.<\/b><\/h4>\n<p>&#8211; za listopad i grudzie\u0144 (2025)\u00a0\u00a0\u00a0 <strong>do 15 stycznia <\/strong><br \/>\n&#8211; za stycze\u0144 i luty\u00a0\u00a0\u00a0\u00a0\u00a0\u00a0\u00a0\u00a0\u00a0\u00a0\u00a0\u00a0\u00a0\u00a0\u00a0\u00a0\u00a0\u00a0\u00a0\u00a0\u00a0\u00a0\u00a0\u00a0\u00a0\u00a0\u00a0\u00a0\u00a0\u00a0\u00a0 <strong>do 15 marca<\/strong><br \/>\n&#8211; za marzec i kwiecie\u0144\u00a0\u00a0\u00a0\u00a0\u00a0\u00a0\u00a0\u00a0\u00a0\u00a0\u00a0\u00a0\u00a0\u00a0\u00a0\u00a0\u00a0\u00a0\u00a0\u00a0 <strong>do 15 maja<\/strong><br \/>\n&#8211; za maj i czerwiec\u00a0\u00a0\u00a0\u00a0\u00a0\u00a0\u00a0\u00a0\u00a0\u00a0\u00a0\u00a0\u00a0\u00a0\u00a0\u00a0\u00a0\u00a0\u00a0\u00a0\u00a0\u00a0\u00a0\u00a0\u00a0 \u00a0\u00a0 <strong>do 15 lipca<\/strong><br \/>\n&#8211; za lipiec i sierpie\u0144 \u00a0 \u00a0 \u00a0 \u00a0 \u00a0 \u00a0 \u00a0 \u00a0 \u00a0 \u00a0 \u00a0 \u00a0 \u00a0 <strong>do 15 wrze\u015bnia<\/strong><br \/>\n&#8211; za wrzesie\u0144 i pa\u017adziernik \u00a0 \u00a0 \u00a0 \u00a0 \u00a0 <strong>do 15 listopada<\/strong><br \/>\n&#8211; za listopad i grudzie\u0144\u00a0\u00a0\u00a0\u00a0\u00a0\u00a0\u00a0\u00a0\u00a0\u00a0\u00a0\u00a0\u00a0\u00a0\u00a0\u00a0\u00a0\u00a0\u00a0 <strong>do 15 stycznia 2027 r.<\/strong><\/p>\n<p>Op\u0142aty mo\u017cna r\u00f3wnie\u017c wnosi\u0107 w okresach miesi\u0119cznych.<\/p>\n<h4 align=\"center\"><b>Formy p\u0142atno\u015bci<\/b><\/h4>\n<p style=\"text-align: justify;\"><span style=\"font-size: inherit;\">1. za po\u015brednictwem kart p\u0142atniczych w pokoju 104<\/span><\/p>\n<p style=\"text-align: justify;\">2. przelewem na rachunek bankowy:<\/p>\n<p align=\"center\"><b>Urz\u0105d Miejski w Dukli<\/b><\/p>\n<p align=\"center\"><b>ul. Trakt W\u0119gierski 11, 38-450 Dukla<\/b><\/p>\n<p align=\"center\"><strong>57 1130 1105 0005 2141 2520 0022<br \/>\n<\/strong><\/p>\n<p align=\"center\">tytu\u0142em: &#8222;<b>op\u0142ata za odbi\u00f3r odpad\u00f3w komunalnych imi\u0119\u00a0 i nazwisko, adres&#8221;<\/b><\/p>\n<p style=\"text-align: left;\" align=\"center\">lub na indywidualne numery kont<\/p>\n<p style=\"text-align: left;\" align=\"center\">3.\u00a0 u so\u0142tys\u00f3w\/ inkasenta- jedynie wp\u0142aty za bie\u017c\u0105ce miesi\u0105ce. ZALEG\u0141O\u015aCI nie mog\u0105 by\u0107 przyjmowane.<\/p>\n<p>Wszelkie dodatkowe informacje mo\u017cna uzyska\u0107 w Urz\u0119dzie Miejskim w Dukli pok\u00f3j 104 lub pod nr tel.:<\/p>\n<p><b>1. 13 43 29 166<\/b><br \/>\n<b>2. 13 43 29 170<\/b><\/p>\n<p style=\"text-align: center;\"><span style=\"color: #339966;\"><strong><!-- [if gte mso 9]><xml>\n<o:OfficeDocumentSettings>\n<o:RelyOnVML\/>\n<o:AllowPNG\/>\n<\/o:OfficeDocumentSettings>\n<\/xml><![endif]--><\/strong><\/span><\/p>\n","protected":false},"excerpt":{"rendered":"<p>Cennik op\u0142at za odpady komunalne z nieruchomo\u015bci zamieszka\u0142ych. Zgodnie z uchwa\u0142\u0105\u00a0NR XXVII\/190\/20 RADY MIEJSKIEJ W DUKLI z dnia 25 czerwca 2020 r. w sprawie ustalenia stawki op\u0142aty za gospodarowanie odpadami komunalnymi\u00a0zosta\u0142a zmieniona stawka za odpady komunalne. Obowi\u0105zuj\u0105ca stawka od 1 sierpnia 2020 r. to: 24 z\u0142, a przy\u00a0 posiadaniu kompostownika 22 z\u0142. W przypadku op\u0142at &hellip; <a href=\"https:\/\/gospodarkaodpadami.dukla.pl\/?page_id=74\" class=\"more-link\">Czytaj dalej <span class=\"screen-reader-text\">P\u0142atno\u015bci<\/span> <span class=\"meta-nav\">&rarr;<\/span><\/a><\/p>\n","protected":false},"author":1,"featured_media":0,"parent":0,"menu_order":0,"comment_status":"closed","ping_status":"open","template":"","meta":[],"_links":{"self":[{"href":"https:\/\/gospodarkaodpadami.dukla.pl\/index.php?rest_route=\/wp\/v2\/pages\/74"}],"collection":[{"href":"https:\/\/gospodarkaodpadami.dukla.pl\/index.php?rest_route=\/wp\/v2\/pages"}],"about":[{"href":"https:\/\/gospodarkaodpadami.dukla.pl\/index.php?rest_route=\/wp\/v2\/types\/page"}],"author":[{"embeddable":true,"href":"https:\/\/gospodarkaodpadami.dukla.pl\/index.php?rest_route=\/wp\/v2\/users\/1"}],"replies":[{"embeddable":true,"href":"https:\/\/gospodarkaodpadami.dukla.pl\/index.php?rest_route=%2Fwp%2Fv2%2Fcomments&post=74"}],"version-history":[{"count":31,"href":"https:\/\/gospodarkaodpadami.dukla.pl\/index.php?rest_route=\/wp\/v2\/pages\/74\/revisions"}],"predecessor-version":[{"id":1348,"href":"https:\/\/gospodarkaodpadami.dukla.pl\/index.php?rest_route=\/wp\/v2\/pages\/74\/revisions\/1348"}],"wp:attachment":[{"href":"https:\/\/gospodarkaodpadami.dukla.pl\/index.php?rest_route=%2Fwp%2Fv2%2Fmedia&parent=74"}],"curies":[{"name":"wp","href":"https:\/\/api.w.org\/{rel}","templated":true}]}}