{"id":397,"date":"2014-12-09T08:53:11","date_gmt":"2014-12-09T07:53:11","guid":{"rendered":"http:\/\/gospodarkaodpadami.dukla.pl\/?page_id=397"},"modified":"2021-02-23T08:20:40","modified_gmt":"2021-02-23T07:20:40","slug":"zuzyty-sprzet-elektryczny-i-elektroniczny","status":"publish","type":"page","link":"https:\/\/gospodarkaodpadami.dukla.pl\/?page_id=397","title":{"rendered":"Zu\u017cyty sprz\u0119t elektryczny i elektroniczny"},"content":{"rendered":"<h1><b>Zu\u017cyty sprz\u0119t elektryczny i elektroniczny\u00a0<\/b><\/h1>\n<p><strong>ELEKTROODPADY<\/strong>, to inaczej zu\u017cyty, niepotrzebny sprz\u0119t elektryczny i elektroniczny. Elektroodpadami mog\u0105 by\u0107:<\/p>\n<ul>\n<li>ch\u0142odziarki, zamra\u017carki, pralki, suszarki do ubra\u0144, zmywarki, lod\u00f3wki, mikrofal\u00f3wki, grzejniki elektryczne, urz\u0105dzenia klimatyzacyjne, odkurzacze, \u017celazka, tostery, frytkownice, m\u0142ynki do kawy, urz\u0105dzenia do piel\u0119gnacji w\u0142os\u00f3w i cia\u0142a, zegary, wagi;<\/li>\n<li>komputery i laptopy, notebooki, drukarki, elektryczne i elektroniczne maszyny do pisania, kalkulatory kieszonkowe i biurowe, faksy, telefony kom\u00f3rkowe;<\/li>\n<li>odbiorniki radiowe i telewizyjne;<\/li>\n<li>wiertarki, pi\u0142y, maszyny do szycia, sprz\u0119t sportowy z elektrycznymi lub elektronicznymi cz\u0119\u015bciami sk\u0142adowymi, kosiarki;<\/li>\n<li>zabawki, sprz\u0119t rekreacyjny i sportowy, np.: kolejki elektryczne i tory wy\u015bcigowe, konsole do gier wideo.<\/li>\n<\/ul>\n<p><strong>Co zrobi\u0107 ze zu\u017cytym elektrosprz\u0119tem?<\/strong><\/p>\n<p>Jedn\u0105 z mo\u017cliwo\u015bci jest <strong>oddanie do sklepu<\/strong> w momencie zakupu nowych urz\u0105dze\u0144, trzeba to tylko zg\u0142osi\u0107 sprzedawcy. Sprzedawca ma obowi\u0105zek przyj\u0105\u0107 urz\u0105dzenia pochodz\u0105ce z gospodarstwa domowego tego samego rodzaju i ilo\u015bci co kupowane \u2013\u00a0<strong>bezp\u0142atnie<\/strong>. Je\u017celi kupujemy sprz\u0119t z dostaw\u0105 do domu lub innego miejsca, to sprzedawca obowi\u0105zany jest bezp\u0142atnie zabra\u0107 z tego miejsca stary sprz\u0119t tego samego rodzaju, gdy chcemy si\u0119 go pozby\u0107. Zu\u017cyte urz\u0105dzenia mo\u017cna te\u017c przekaza\u0107\u00a0<strong>firmie odbieraj\u0105cej odpady <\/strong>\u00a0od w\u0142a\u015bcicieli nieruchomo\u015bci (zgodnie z harmonogramem) lub odda\u0107 do <strong>Gminnego Punktu Selektywnej Zbi\u00f3rki Odpad\u00f3w Komunalnych w Dukli.<\/strong><\/p>\n<p><strong>Utylizacja zgodnie z prawem<\/strong><\/p>\n<p>Zgodnie z Ustaw\u0105 z dnia 11 wrze\u015bnia 2015 r. o zu\u017cytym sprz\u0119cie elektrycznym i elektronicznym (Dz. U. z 2020 r. poz. 1893) urz\u0105dzenia, kt\u00f3rych dzia\u0142anie uzale\u017cnione jest od dop\u0142ywu pr\u0105du elektrycznego lub od obecno\u015bci p\u00f3l elektromagnetycznych, poddawane s\u0105 obowi\u0105zkowi zbierania, odzysku i recyklingu co oznacza, \u017ce \u00a0po okresie u\u017cytkowania nie mog\u0105 zosta\u0107 tak po prostu wyrzucone do \u015bmieci, nie mo\u017cna ich te\u017c umieszcza\u0107 z innymi odpadami. Rozmontowywanie zu\u017cytego sprz\u0119tu oraz przygotowanie do ponownego u\u017cycia elektro\u015bmieci lub odpad\u00f3w powsta\u0142ych po demonta\u017cu zu\u017cytego sprz\u0119tu, mo\u017ce odbywa\u0107 si\u0119 wy\u0142\u0105cznie w zak\u0142adzie przetwarzania. Ponadto demonta\u017c zu\u017cytego sprz\u0119tu w gospodarstwach domowych jest zakazany. Za nieprzestrzeganie tego zakazu, zgodnie z przepisami\u00a0 w\/w ustawy gro\u017c\u0105 administracyjne kary pieni\u0119\u017cne.<\/p>\n","protected":false},"excerpt":{"rendered":"<p>Zu\u017cyty sprz\u0119t elektryczny i elektroniczny\u00a0 ELEKTROODPADY, to inaczej zu\u017cyty, niepotrzebny sprz\u0119t elektryczny i elektroniczny. Elektroodpadami mog\u0105 by\u0107: ch\u0142odziarki, zamra\u017carki, pralki, suszarki do ubra\u0144, zmywarki, lod\u00f3wki, mikrofal\u00f3wki, grzejniki elektryczne, urz\u0105dzenia klimatyzacyjne, odkurzacze, \u017celazka, tostery, frytkownice, m\u0142ynki do kawy, urz\u0105dzenia do piel\u0119gnacji w\u0142os\u00f3w i cia\u0142a, zegary, wagi; komputery i laptopy, notebooki, drukarki, elektryczne i elektroniczne maszyny do &hellip; <a href=\"https:\/\/gospodarkaodpadami.dukla.pl\/?page_id=397\" class=\"more-link\">Czytaj dalej <span class=\"screen-reader-text\">Zu\u017cyty sprz\u0119t elektryczny i elektroniczny<\/span> <span class=\"meta-nav\">&rarr;<\/span><\/a><\/p>\n","protected":false},"author":1,"featured_media":405,"parent":67,"menu_order":0,"comment_status":"closed","ping_status":"open","template":"","meta":[],"_links":{"self":[{"href":"https:\/\/gospodarkaodpadami.dukla.pl\/index.php?rest_route=\/wp\/v2\/pages\/397"}],"collection":[{"href":"https:\/\/gospodarkaodpadami.dukla.pl\/index.php?rest_route=\/wp\/v2\/pages"}],"about":[{"href":"https:\/\/gospodarkaodpadami.dukla.pl\/index.php?rest_route=\/wp\/v2\/types\/page"}],"author":[{"embeddable":true,"href":"https:\/\/gospodarkaodpadami.dukla.pl\/index.php?rest_route=\/wp\/v2\/users\/1"}],"replies":[{"embeddable":true,"href":"https:\/\/gospodarkaodpadami.dukla.pl\/index.php?rest_route=%2Fwp%2Fv2%2Fcomments&post=397"}],"version-history":[{"count":4,"href":"https:\/\/gospodarkaodpadami.dukla.pl\/index.php?rest_route=\/wp\/v2\/pages\/397\/revisions"}],"predecessor-version":[{"id":1029,"href":"https:\/\/gospodarkaodpadami.dukla.pl\/index.php?rest_route=\/wp\/v2\/pages\/397\/revisions\/1029"}],"up":[{"embeddable":true,"href":"https:\/\/gospodarkaodpadami.dukla.pl\/index.php?rest_route=\/wp\/v2\/pages\/67"}],"wp:featuredmedia":[{"embeddable":true,"href":"https:\/\/gospodarkaodpadami.dukla.pl\/index.php?rest_route=\/wp\/v2\/media\/405"}],"wp:attachment":[{"href":"https:\/\/gospodarkaodpadami.dukla.pl\/index.php?rest_route=%2Fwp%2Fv2%2Fmedia&parent=397"}],"curies":[{"name":"wp","href":"https:\/\/api.w.org\/{rel}","templated":true}]}}